{"id":381,"date":"2025-02-21T18:58:48","date_gmt":"2025-02-21T17:58:48","guid":{"rendered":"https:\/\/filordi.com\/?page_id=381"},"modified":"2025-03-12T20:32:13","modified_gmt":"2025-03-12T19:32:13","slug":"creation-site-internet","status":"publish","type":"page","link":"https:\/\/filordi.com\/index.php\/creation-site-internet\/","title":{"rendered":"Cr\u00e9ation Site Internet"},"content":{"rendered":"\n<ul class=\"wp-block-list\">\n<li>Cr\u00e9ation de votre espace client chez notre partenaire <a href=\"https:\/\/www.ovhcloud.com\/fr\/\" data-type=\"link\" data-id=\"https:\/\/www.ovhcloud.com\/fr\/\" target=\"_blank\" rel=\"noreferrer noopener\">OVH<\/a><\/li>\n\n\n\n<li>Conseil pour votre nom de domaine, h\u00e9bergement et cr\u00e9ation de boite mail <strong>PRO<\/strong>.<\/li>\n\n\n\n<li>Cr\u00e9ation du site en fonction de vos attentes.<\/li>\n\n\n\n<li>Formation pour les mises \u00e0 jour par vos soins.<\/li>\n\n\n\n<li>Livr\u00e9 cl\u00e9 en main \u00e0 partir de <strong>499\u20ac<\/strong>.<\/li>\n<\/ul>\n\n\n\n<p><\/p>\n\n\n\n<ul class=\"wp-block-list\">\n<li class=\"has-light-green-cyan-color has-text-color has-link-color has-medium-font-size wp-elements-c002db5928fe7fdd575bc308ec44257b\">Possibilit\u00e9 de faire les mise \u00e0 jour pour vous <strong>sur devis<\/strong><\/li>\n<\/ul>\n\n\n\n<p><\/p>\n","protected":false},"excerpt":{"rendered":"","protected":false},"author":1,"featured_media":0,"parent":0,"menu_order":0,"comment_status":"closed","ping_status":"closed","template":"","meta":{"footnotes":""},"class_list":["post-381","page","type-page","status-publish","hentry"],"_links":{"self":[{"href":"https:\/\/filordi.com\/index.php\/wp-json\/wp\/v2\/pages\/381","targetHints":{"allow":["GET"]}}],"collection":[{"href":"https:\/\/filordi.com\/index.php\/wp-json\/wp\/v2\/pages"}],"about":[{"href":"https:\/\/filordi.com\/index.php\/wp-json\/wp\/v2\/types\/page"}],"author":[{"embeddable":true,"href":"https:\/\/filordi.com\/index.php\/wp-json\/wp\/v2\/users\/1"}],"replies":[{"embeddable":true,"href":"https:\/\/filordi.com\/index.php\/wp-json\/wp\/v2\/comments?post=381"}],"version-history":[{"count":13,"href":"https:\/\/filordi.com\/index.php\/wp-json\/wp\/v2\/pages\/381\/revisions"}],"predecessor-version":[{"id":540,"href":"https:\/\/filordi.com\/index.php\/wp-json\/wp\/v2\/pages\/381\/revisions\/540"}],"wp:attachment":[{"href":"https:\/\/filordi.com\/index.php\/wp-json\/wp\/v2\/media?parent=381"}],"curies":[{"name":"wp","href":"https:\/\/api.w.org\/{rel}","templated":true}]}}