{"id":8,"date":"2025-02-10T19:14:21","date_gmt":"2025-02-10T18:14:21","guid":{"rendered":"https:\/\/filordi.com\/?page_id=8"},"modified":"2025-03-09T18:46:43","modified_gmt":"2025-03-09T17:46:43","slug":"particuliers","status":"publish","type":"page","link":"https:\/\/filordi.com\/","title":{"rendered":"Particuliers"},"content":{"rendered":"\n<p>Plus besoin de se demander comment faire pour amener son mat\u00e9riel informatique en r\u00e9paration, nos techniciens interviennent chez vous, sur simple appel t\u00e9l\u00e9phonique ou envoi d\u2019email pour tout type de probl\u00e8mes informatiques.<\/p>\n\n\n\n<p>Votre ordinateur ne s\u2019allume plus, des fichiers ont disparus, vous \u00eates victime de virus, votre connexion et\/ou votre bo\u00eete mail ne fonctionne plus :&nbsp;<br>Fa\u00eetes appel \u00e0 <strong>FILORDI <\/strong>!<\/p>\n\n\n\n<p>Un service&nbsp;professionnel&nbsp;et&nbsp;rapide&nbsp;avec des&nbsp;tarifs clairs.<\/p>\n\n\n\n<figure class=\"wp-block-table\"><table class=\"has-fixed-layout\"><tbody><tr><td class=\"has-text-align-center\" data-align=\"center\">1 Heure D\u00e9placement inclus 50\u20ac <\/td><td class=\"has-text-align-center\" data-align=\"center\">au del\u00e0 un devis vous sera propos\u00e9 <\/td><\/tr><\/tbody><\/table><\/figure>\n\n\n\n<p><\/p>\n\n\n\n<p class=\"has-text-align-center has-light-green-cyan-color has-text-color has-link-color wp-elements-1193458ee8e1c22056ca4709279a4ef2\"><strong>L&rsquo;\u00e9quipe FILORDI, propose aussi des formations.<br>Aide a l&rsquo;utilisation, TV, Ordinateur, smartphone, Tablette<\/strong><\/p>\n\n\n\n<p><\/p>\n","protected":false},"excerpt":{"rendered":"<p>Plus besoin de se demander comment faire pour amener son mat\u00e9riel informatique en r\u00e9paration, nos techniciens interviennent chez vous, sur simple appel t\u00e9l\u00e9phonique ou envoi d\u2019email pour tout type de probl\u00e8mes informatiques. Votre ordinateur ne s\u2019allume plus, des fichiers ont disparus, vous \u00eates victime de virus, votre connexion et\/ou votre bo\u00eete mail ne fonctionne plus [&hellip;]<\/p>\n","protected":false},"author":1,"featured_media":0,"parent":0,"menu_order":0,"comment_status":"closed","ping_status":"closed","template":"","meta":{"footnotes":""},"class_list":["post-8","page","type-page","status-publish","hentry"],"_links":{"self":[{"href":"https:\/\/filordi.com\/index.php\/wp-json\/wp\/v2\/pages\/8","targetHints":{"allow":["GET"]}}],"collection":[{"href":"https:\/\/filordi.com\/index.php\/wp-json\/wp\/v2\/pages"}],"about":[{"href":"https:\/\/filordi.com\/index.php\/wp-json\/wp\/v2\/types\/page"}],"author":[{"embeddable":true,"href":"https:\/\/filordi.com\/index.php\/wp-json\/wp\/v2\/users\/1"}],"replies":[{"embeddable":true,"href":"https:\/\/filordi.com\/index.php\/wp-json\/wp\/v2\/comments?post=8"}],"version-history":[{"count":4,"href":"https:\/\/filordi.com\/index.php\/wp-json\/wp\/v2\/pages\/8\/revisions"}],"predecessor-version":[{"id":524,"href":"https:\/\/filordi.com\/index.php\/wp-json\/wp\/v2\/pages\/8\/revisions\/524"}],"wp:attachment":[{"href":"https:\/\/filordi.com\/index.php\/wp-json\/wp\/v2\/media?parent=8"}],"curies":[{"name":"wp","href":"https:\/\/api.w.org\/{rel}","templated":true}]}}